{"id":3193,"date":"2019-03-27T07:18:39","date_gmt":"2019-03-27T06:18:39","guid":{"rendered":"http:\/\/dryc.pro\/nosotros\/"},"modified":"2021-06-02T03:01:25","modified_gmt":"2021-06-02T01:01:25","slug":"cabinet","status":"publish","type":"page","link":"https:\/\/dryc.cl\/fr\/cabinet\/","title":{"rendered":"Cabinet"},"content":{"rendered":"\n<p>Dalgalarrando &amp; C\u00eda, se projette aujourd\u00b4hui avec un nouveau visage dans le monde du droit et des affaires, se distinguant notamment par la qualit\u00e9 de ses services professionnels et son engagement envers ses clients.<\/p>\n\n\n\n<p>Dalgalarrando &amp; C\u00eda conseille ses clients nationaux et \u00e9trangers afin de r\u00e9pondre \u00e0 leurs attentes et ce dans divers secteurs d\u00b4activit\u00e9s et domaines du droit tels que les fusions acquisitions, les march\u00e9s de capitaux, le secteur bancaire, le financement, les transactions internationales, le droit minier, les contentieux et l\u00b4arbitrage, le droit de la concurrence, le droit fiscal, le droit immobilier, le droit du travail ou encore les secteurs de l\u00b4\u00e9lectricit\u00e9 et des t\u00e9l\u00e9communications.<\/p>\n\n\n\n<p>Nous accompagnons nos clients afin d\u00b4accomplir au mieux leurs projets et d\u00b4atteindre leurs objectifs d\u00b4un point de vue l\u00e9gal. L\u00b4obtention de solutions rapides, efficaces et cr\u00e9atives, une \u00e9valuation s\u00e9rieuse et pr\u00e9cise des risques et l\u00b4application de strat\u00e9gies fond\u00e9es sur une large et solide exp\u00e9rience professionnelle, constituent la dynamique de travail de Dalgalarrando &amp; C\u00eda.<\/p>\n\n\n\n<p>Nos membres forment un groupe d\u00b4avocats ayant d\u00e9velopp\u00e9 leurs exp\u00e9riences dans divers secteurs du droit. Tous dipl\u00f4m\u00e9s de prestigieuses universit\u00e9s am\u00e9ricaines, fran\u00e7aises et chiliennes, la plupart d\u00b4entre eux a pratiqu\u00e9 \u00e9galement le droit \u00e0 l\u00b4\u00e9tranger, permettant ainsi \u00e0 Dalgalarrando &amp; C\u00eda de d\u00e9velopper d\u00b4int\u00e9ressantes relations de travail avec d\u00b4autres cabinets d\u00b4avocats internationaux.<\/p>\n\n\n\n<p><\/p>\n\n\n\n<p><\/p>\n\n\n\n<p><\/p>\n\n\n\n<div style=\"height:54px\" aria-hidden=\"true\" class=\"wp-block-spacer\"><\/div>\n","protected":false},"excerpt":{"rendered":"<p>Dalgalarrando &amp; C\u00eda, se projette aujourd\u00b4hui avec un nouveau visage dans le monde du droit et des affaires, se distinguant notamment par la qualit\u00e9 de ses services professionnels et son engagement envers ses clients. Dalgalarrando &amp; C\u00eda conseille ses clients nationaux et \u00e9trangers afin de r\u00e9pondre \u00e0 leurs attentes et ce dans divers secteurs d\u00b4activit\u00e9s [&hellip;]<\/p>\n","protected":false},"author":3,"featured_media":3096,"parent":0,"menu_order":0,"comment_status":"closed","ping_status":"closed","template":"page-nosotros.php","meta":{"_acf_changed":false,"footnotes":""},"class_list":["post-3193","page","type-page","status-publish","has-post-thumbnail","hentry"],"acf":[],"yoast_head":"<!-- This site is optimized with the Yoast SEO plugin v25.2 - https:\/\/yoast.com\/wordpress\/plugins\/seo\/ -->\n<title>Cabinet | Dalgalarrando &amp; C\u00eda - Abogados.<\/title>\n<meta name=\"description\" content=\"Dalgalarrando &amp; C\u00eda. excelle dans le monde juridique et des affaires pour son label de qualit\u00e9, soulignant, entre autres, la cat\u00e9gorie sup\u00e9rieure de nos services professionnels, ainsi que l&#039;engagement envers nos clients.\" \/>\n<meta name=\"robots\" content=\"index, follow, max-snippet:-1, max-image-preview:large, max-video-preview:-1\" \/>\n<link rel=\"canonical\" href=\"https:\/\/dryc.cl\/fr\/cabinet\/\" \/>\n<meta property=\"og:locale\" content=\"fr_FR\" \/>\n<meta property=\"og:type\" content=\"article\" \/>\n<meta property=\"og:title\" content=\"Cabinet | Dalgalarrando &amp; C\u00eda - Abogados.\" \/>\n<meta property=\"og:description\" content=\"Dalgalarrando &amp; C\u00eda. excelle dans le monde juridique et des affaires pour son label de qualit\u00e9, soulignant, entre autres, la cat\u00e9gorie sup\u00e9rieure de nos services professionnels, ainsi que l&#039;engagement envers nos clients.\" \/>\n<meta property=\"og:url\" content=\"https:\/\/dryc.cl\/fr\/cabinet\/\" \/>\n<meta property=\"og:site_name\" content=\"Dalgalarrando &amp; C\u00eda - Abogados.\" \/>\n<meta property=\"article:modified_time\" content=\"2021-06-02T01:01:25+00:00\" \/>\n<meta property=\"og:image\" content=\"https:\/\/dryc.cl\/wp-content\/uploads\/2019\/04\/Laboral1.jpg\" \/>\n\t<meta property=\"og:image:width\" content=\"900\" \/>\n\t<meta property=\"og:image:height\" content=\"280\" \/>\n\t<meta property=\"og:image:type\" content=\"image\/jpeg\" \/>\n<meta name=\"twitter:card\" content=\"summary_large_image\" \/>\n<meta name=\"twitter:label1\" content=\"Dur\u00e9e de lecture estim\u00e9e\" \/>\n\t<meta name=\"twitter:data1\" content=\"1 minute\" \/>\n<script type=\"application\/ld+json\" class=\"yoast-schema-graph\">{\"@context\":\"https:\/\/schema.org\",\"@graph\":[{\"@type\":\"WebPage\",\"@id\":\"https:\/\/dryc.cl\/fr\/cabinet\/\",\"url\":\"https:\/\/dryc.cl\/fr\/cabinet\/\",\"name\":\"Cabinet | Dalgalarrando &amp; C\u00eda - Abogados.\",\"isPartOf\":{\"@id\":\"https:\/\/dryc.cl\/en\/#website\"},\"primaryImageOfPage\":{\"@id\":\"https:\/\/dryc.cl\/fr\/cabinet\/#primaryimage\"},\"image\":{\"@id\":\"https:\/\/dryc.cl\/fr\/cabinet\/#primaryimage\"},\"thumbnailUrl\":\"https:\/\/dryc.cl\/wp-content\/uploads\/2019\/04\/Laboral1.jpg\",\"datePublished\":\"2019-03-27T06:18:39+00:00\",\"dateModified\":\"2021-06-02T01:01:25+00:00\",\"description\":\"Dalgalarrando & C\u00eda. excelle dans le monde juridique et des affaires pour son label de qualit\u00e9, soulignant, entre autres, la cat\u00e9gorie sup\u00e9rieure de nos services professionnels, ainsi que l'engagement envers nos clients.\",\"breadcrumb\":{\"@id\":\"https:\/\/dryc.cl\/fr\/cabinet\/#breadcrumb\"},\"inLanguage\":\"fr-FR\",\"potentialAction\":[{\"@type\":\"ReadAction\",\"target\":[\"https:\/\/dryc.cl\/fr\/cabinet\/\"]}]},{\"@type\":\"ImageObject\",\"inLanguage\":\"fr-FR\",\"@id\":\"https:\/\/dryc.cl\/fr\/cabinet\/#primaryimage\",\"url\":\"https:\/\/dryc.cl\/wp-content\/uploads\/2019\/04\/Laboral1.jpg\",\"contentUrl\":\"https:\/\/dryc.cl\/wp-content\/uploads\/2019\/04\/Laboral1.jpg\",\"width\":900,\"height\":280},{\"@type\":\"BreadcrumbList\",\"@id\":\"https:\/\/dryc.cl\/fr\/cabinet\/#breadcrumb\",\"itemListElement\":[{\"@type\":\"ListItem\",\"position\":1,\"name\":\"Home\",\"item\":\"https:\/\/dryc.cl\/fr\/\"},{\"@type\":\"ListItem\",\"position\":2,\"name\":\"Cabinet\"}]},{\"@type\":\"WebSite\",\"@id\":\"https:\/\/dryc.cl\/en\/#website\",\"url\":\"https:\/\/dryc.cl\/en\/\",\"name\":\"Dalgalarrando &amp; C\u00eda - Abogados.\",\"description\":\"Dalgalarrando &amp; C\u00eda.\",\"potentialAction\":[{\"@type\":\"SearchAction\",\"target\":{\"@type\":\"EntryPoint\",\"urlTemplate\":\"https:\/\/dryc.cl\/en\/?s={search_term_string}\"},\"query-input\":{\"@type\":\"PropertyValueSpecification\",\"valueRequired\":true,\"valueName\":\"search_term_string\"}}],\"inLanguage\":\"fr-FR\"}]}<\/script>\n<!-- \/ Yoast SEO plugin. -->","yoast_head_json":{"title":"Cabinet | Dalgalarrando &amp; C\u00eda - Abogados.","description":"Dalgalarrando & C\u00eda. excelle dans le monde juridique et des affaires pour son label de qualit\u00e9, soulignant, entre autres, la cat\u00e9gorie sup\u00e9rieure de nos services professionnels, ainsi que l'engagement envers nos clients.","robots":{"index":"index","follow":"follow","max-snippet":"max-snippet:-1","max-image-preview":"max-image-preview:large","max-video-preview":"max-video-preview:-1"},"canonical":"https:\/\/dryc.cl\/fr\/cabinet\/","og_locale":"fr_FR","og_type":"article","og_title":"Cabinet | Dalgalarrando &amp; C\u00eda - Abogados.","og_description":"Dalgalarrando & C\u00eda. excelle dans le monde juridique et des affaires pour son label de qualit\u00e9, soulignant, entre autres, la cat\u00e9gorie sup\u00e9rieure de nos services professionnels, ainsi que l'engagement envers nos clients.","og_url":"https:\/\/dryc.cl\/fr\/cabinet\/","og_site_name":"Dalgalarrando &amp; C\u00eda - Abogados.","article_modified_time":"2021-06-02T01:01:25+00:00","og_image":[{"width":900,"height":280,"url":"https:\/\/dryc.cl\/wp-content\/uploads\/2019\/04\/Laboral1.jpg","type":"image\/jpeg"}],"twitter_card":"summary_large_image","twitter_misc":{"Dur\u00e9e de lecture estim\u00e9e":"1 minute"},"schema":{"@context":"https:\/\/schema.org","@graph":[{"@type":"WebPage","@id":"https:\/\/dryc.cl\/fr\/cabinet\/","url":"https:\/\/dryc.cl\/fr\/cabinet\/","name":"Cabinet | Dalgalarrando &amp; C\u00eda - Abogados.","isPartOf":{"@id":"https:\/\/dryc.cl\/en\/#website"},"primaryImageOfPage":{"@id":"https:\/\/dryc.cl\/fr\/cabinet\/#primaryimage"},"image":{"@id":"https:\/\/dryc.cl\/fr\/cabinet\/#primaryimage"},"thumbnailUrl":"https:\/\/dryc.cl\/wp-content\/uploads\/2019\/04\/Laboral1.jpg","datePublished":"2019-03-27T06:18:39+00:00","dateModified":"2021-06-02T01:01:25+00:00","description":"Dalgalarrando & C\u00eda. excelle dans le monde juridique et des affaires pour son label de qualit\u00e9, soulignant, entre autres, la cat\u00e9gorie sup\u00e9rieure de nos services professionnels, ainsi que l'engagement envers nos clients.","breadcrumb":{"@id":"https:\/\/dryc.cl\/fr\/cabinet\/#breadcrumb"},"inLanguage":"fr-FR","potentialAction":[{"@type":"ReadAction","target":["https:\/\/dryc.cl\/fr\/cabinet\/"]}]},{"@type":"ImageObject","inLanguage":"fr-FR","@id":"https:\/\/dryc.cl\/fr\/cabinet\/#primaryimage","url":"https:\/\/dryc.cl\/wp-content\/uploads\/2019\/04\/Laboral1.jpg","contentUrl":"https:\/\/dryc.cl\/wp-content\/uploads\/2019\/04\/Laboral1.jpg","width":900,"height":280},{"@type":"BreadcrumbList","@id":"https:\/\/dryc.cl\/fr\/cabinet\/#breadcrumb","itemListElement":[{"@type":"ListItem","position":1,"name":"Home","item":"https:\/\/dryc.cl\/fr\/"},{"@type":"ListItem","position":2,"name":"Cabinet"}]},{"@type":"WebSite","@id":"https:\/\/dryc.cl\/en\/#website","url":"https:\/\/dryc.cl\/en\/","name":"Dalgalarrando &amp; C\u00eda - Abogados.","description":"Dalgalarrando &amp; C\u00eda.","potentialAction":[{"@type":"SearchAction","target":{"@type":"EntryPoint","urlTemplate":"https:\/\/dryc.cl\/en\/?s={search_term_string}"},"query-input":{"@type":"PropertyValueSpecification","valueRequired":true,"valueName":"search_term_string"}}],"inLanguage":"fr-FR"}]}},"_links":{"self":[{"href":"https:\/\/dryc.cl\/fr\/wp-json\/wp\/v2\/pages\/3193","targetHints":{"allow":["GET"]}}],"collection":[{"href":"https:\/\/dryc.cl\/fr\/wp-json\/wp\/v2\/pages"}],"about":[{"href":"https:\/\/dryc.cl\/fr\/wp-json\/wp\/v2\/types\/page"}],"author":[{"embeddable":true,"href":"https:\/\/dryc.cl\/fr\/wp-json\/wp\/v2\/users\/3"}],"replies":[{"embeddable":true,"href":"https:\/\/dryc.cl\/fr\/wp-json\/wp\/v2\/comments?post=3193"}],"version-history":[{"count":0,"href":"https:\/\/dryc.cl\/fr\/wp-json\/wp\/v2\/pages\/3193\/revisions"}],"wp:featuredmedia":[{"embeddable":true,"href":"https:\/\/dryc.cl\/fr\/wp-json\/wp\/v2\/media\/3096"}],"wp:attachment":[{"href":"https:\/\/dryc.cl\/fr\/wp-json\/wp\/v2\/media?parent=3193"}],"curies":[{"name":"wp","href":"https:\/\/api.w.org\/{rel}","templated":true}]}}