{"id":3187,"date":"2019-03-27T07:20:06","date_gmt":"2019-03-27T06:20:06","guid":{"rendered":"http:\/\/dryc.pro\/contacto\/"},"modified":"2025-10-13T21:35:44","modified_gmt":"2025-10-13T19:35:44","slug":"contact","status":"publish","type":"page","link":"https:\/\/dryc.cl\/fr\/contact\/","title":{"rendered":"Contact"},"content":{"rendered":"","protected":false},"excerpt":{"rendered":"","protected":false},"author":3,"featured_media":0,"parent":0,"menu_order":0,"comment_status":"closed","ping_status":"closed","template":"page-contacto.php","meta":{"_acf_changed":false,"footnotes":""},"class_list":["post-3187","page","type-page","status-publish","hentry"],"acf":[],"yoast_head":"<!-- This site is optimized with the Yoast SEO plugin v25.2 - https:\/\/yoast.com\/wordpress\/plugins\/seo\/ -->\n<title>Contact | Dalgalarrando &amp; C\u00eda - Abogados.<\/title>\n<meta name=\"description\" content=\"Dalgalarrando &amp; C\u00eda. excelle dans le monde juridique et des affaires pour son label de qualit\u00e9, soulignant, entre autres, la cat\u00e9gorie sup\u00e9rieure de nos services professionnels, ainsi que l&#039;engagement envers nos clients.\" \/>\n<meta name=\"robots\" content=\"index, follow, max-snippet:-1, max-image-preview:large, max-video-preview:-1\" \/>\n<link rel=\"canonical\" href=\"https:\/\/www.dryc.cl\/fr\/contact\/\" \/>\n<meta property=\"og:locale\" content=\"fr_FR\" \/>\n<meta property=\"og:type\" content=\"article\" \/>\n<meta property=\"og:title\" content=\"Contact | Dalgalarrando &amp; C\u00eda - Abogados.\" \/>\n<meta property=\"og:description\" content=\"Dalgalarrando &amp; C\u00eda. excelle dans le monde juridique et des affaires pour son label de qualit\u00e9, soulignant, entre autres, la cat\u00e9gorie sup\u00e9rieure de nos services professionnels, ainsi que l&#039;engagement envers nos clients.\" \/>\n<meta property=\"og:url\" content=\"https:\/\/www.dryc.cl\/fr\/contact\/\" \/>\n<meta property=\"og:site_name\" content=\"Dalgalarrando &amp; C\u00eda - Abogados.\" \/>\n<meta property=\"article:modified_time\" content=\"2025-10-13T19:35:44+00:00\" \/>\n<meta name=\"twitter:card\" content=\"summary_large_image\" \/>\n<script type=\"application\/ld+json\" class=\"yoast-schema-graph\">{\"@context\":\"https:\/\/schema.org\",\"@graph\":[{\"@type\":\"WebPage\",\"@id\":\"https:\/\/www.dryc.cl\/fr\/contact\/\",\"url\":\"https:\/\/www.dryc.cl\/fr\/contact\/\",\"name\":\"Contact | Dalgalarrando &amp; C\u00eda - Abogados.\",\"isPartOf\":{\"@id\":\"https:\/\/dryc.cl\/en\/#website\"},\"datePublished\":\"2019-03-27T06:20:06+00:00\",\"dateModified\":\"2025-10-13T19:35:44+00:00\",\"description\":\"Dalgalarrando & C\u00eda. excelle dans le monde juridique et des affaires pour son label de qualit\u00e9, soulignant, entre autres, la cat\u00e9gorie sup\u00e9rieure de nos services professionnels, ainsi que l'engagement envers nos clients.\",\"breadcrumb\":{\"@id\":\"https:\/\/www.dryc.cl\/fr\/contact\/#breadcrumb\"},\"inLanguage\":\"fr-FR\",\"potentialAction\":[{\"@type\":\"ReadAction\",\"target\":[\"https:\/\/www.dryc.cl\/fr\/contact\/\"]}]},{\"@type\":\"BreadcrumbList\",\"@id\":\"https:\/\/www.dryc.cl\/fr\/contact\/#breadcrumb\",\"itemListElement\":[{\"@type\":\"ListItem\",\"position\":1,\"name\":\"Home\",\"item\":\"https:\/\/dryc.cl\/fr\/\"},{\"@type\":\"ListItem\",\"position\":2,\"name\":\"Contact\"}]},{\"@type\":\"WebSite\",\"@id\":\"https:\/\/dryc.cl\/en\/#website\",\"url\":\"https:\/\/dryc.cl\/en\/\",\"name\":\"Dalgalarrando &amp; C\u00eda - Abogados.\",\"description\":\"Dalgalarrando &amp; C\u00eda.\",\"potentialAction\":[{\"@type\":\"SearchAction\",\"target\":{\"@type\":\"EntryPoint\",\"urlTemplate\":\"https:\/\/dryc.cl\/en\/?s={search_term_string}\"},\"query-input\":{\"@type\":\"PropertyValueSpecification\",\"valueRequired\":true,\"valueName\":\"search_term_string\"}}],\"inLanguage\":\"fr-FR\"}]}<\/script>\n<!-- \/ Yoast SEO plugin. -->","yoast_head_json":{"title":"Contact | Dalgalarrando &amp; C\u00eda - Abogados.","description":"Dalgalarrando & C\u00eda. excelle dans le monde juridique et des affaires pour son label de qualit\u00e9, soulignant, entre autres, la cat\u00e9gorie sup\u00e9rieure de nos services professionnels, ainsi que l'engagement envers nos clients.","robots":{"index":"index","follow":"follow","max-snippet":"max-snippet:-1","max-image-preview":"max-image-preview:large","max-video-preview":"max-video-preview:-1"},"canonical":"https:\/\/www.dryc.cl\/fr\/contact\/","og_locale":"fr_FR","og_type":"article","og_title":"Contact | Dalgalarrando &amp; C\u00eda - Abogados.","og_description":"Dalgalarrando & C\u00eda. excelle dans le monde juridique et des affaires pour son label de qualit\u00e9, soulignant, entre autres, la cat\u00e9gorie sup\u00e9rieure de nos services professionnels, ainsi que l'engagement envers nos clients.","og_url":"https:\/\/www.dryc.cl\/fr\/contact\/","og_site_name":"Dalgalarrando &amp; C\u00eda - Abogados.","article_modified_time":"2025-10-13T19:35:44+00:00","twitter_card":"summary_large_image","schema":{"@context":"https:\/\/schema.org","@graph":[{"@type":"WebPage","@id":"https:\/\/www.dryc.cl\/fr\/contact\/","url":"https:\/\/www.dryc.cl\/fr\/contact\/","name":"Contact | Dalgalarrando &amp; C\u00eda - Abogados.","isPartOf":{"@id":"https:\/\/dryc.cl\/en\/#website"},"datePublished":"2019-03-27T06:20:06+00:00","dateModified":"2025-10-13T19:35:44+00:00","description":"Dalgalarrando & C\u00eda. excelle dans le monde juridique et des affaires pour son label de qualit\u00e9, soulignant, entre autres, la cat\u00e9gorie sup\u00e9rieure de nos services professionnels, ainsi que l'engagement envers nos clients.","breadcrumb":{"@id":"https:\/\/www.dryc.cl\/fr\/contact\/#breadcrumb"},"inLanguage":"fr-FR","potentialAction":[{"@type":"ReadAction","target":["https:\/\/www.dryc.cl\/fr\/contact\/"]}]},{"@type":"BreadcrumbList","@id":"https:\/\/www.dryc.cl\/fr\/contact\/#breadcrumb","itemListElement":[{"@type":"ListItem","position":1,"name":"Home","item":"https:\/\/dryc.cl\/fr\/"},{"@type":"ListItem","position":2,"name":"Contact"}]},{"@type":"WebSite","@id":"https:\/\/dryc.cl\/en\/#website","url":"https:\/\/dryc.cl\/en\/","name":"Dalgalarrando &amp; C\u00eda - Abogados.","description":"Dalgalarrando &amp; C\u00eda.","potentialAction":[{"@type":"SearchAction","target":{"@type":"EntryPoint","urlTemplate":"https:\/\/dryc.cl\/en\/?s={search_term_string}"},"query-input":{"@type":"PropertyValueSpecification","valueRequired":true,"valueName":"search_term_string"}}],"inLanguage":"fr-FR"}]}},"_links":{"self":[{"href":"https:\/\/dryc.cl\/fr\/wp-json\/wp\/v2\/pages\/3187","targetHints":{"allow":["GET"]}}],"collection":[{"href":"https:\/\/dryc.cl\/fr\/wp-json\/wp\/v2\/pages"}],"about":[{"href":"https:\/\/dryc.cl\/fr\/wp-json\/wp\/v2\/types\/page"}],"author":[{"embeddable":true,"href":"https:\/\/dryc.cl\/fr\/wp-json\/wp\/v2\/users\/3"}],"replies":[{"embeddable":true,"href":"https:\/\/dryc.cl\/fr\/wp-json\/wp\/v2\/comments?post=3187"}],"version-history":[{"count":1,"href":"https:\/\/dryc.cl\/fr\/wp-json\/wp\/v2\/pages\/3187\/revisions"}],"predecessor-version":[{"id":4620,"href":"https:\/\/dryc.cl\/fr\/wp-json\/wp\/v2\/pages\/3187\/revisions\/4620"}],"wp:attachment":[{"href":"https:\/\/dryc.cl\/fr\/wp-json\/wp\/v2\/media?parent=3187"}],"curies":[{"name":"wp","href":"https:\/\/api.w.org\/{rel}","templated":true}]}}